{"id":51,"date":"2025-11-16T06:24:42","date_gmt":"2025-11-16T06:24:42","guid":{"rendered":"https:\/\/capstan.dk\/?page_id=51"},"modified":"2025-11-16T08:05:42","modified_gmt":"2025-11-16T08:05:42","slug":"kontakt-os","status":"publish","type":"page","link":"https:\/\/capstan.dk\/index.php\/kontakt-os\/","title":{"rendered":"Kontakt os."},"content":{"rendered":"<p>Hvis du vil h\u00f8re n\u00e6rmere om Shantykoret Capstan, eller \u00f8nsker at f\u00e5 et tilbud p\u00e5 maritim underholdning af h\u00f8jeste klasse, s\u00e5 brug nedenst\u00e5ende kontaktformular.\u00a0<\/p>\n<p>S\u00e5 vender vi tilbage snarest.\u00a0<\/p>\n\n<style id=\"wpforms-css-vars-74-block-44bf55c1-7f31-44af-a4ca-731138d66b5a\">\n\t\t\t\t#wpforms-74.wpforms-block-44bf55c1-7f31-44af-a4ca-731138d66b5a {\n\t\t\t\t--wpforms-field-size-input-height: 43px;\n--wpforms-field-size-input-spacing: 15px;\n--wpforms-field-size-font-size: 16px;\n--wpforms-field-size-line-height: 19px;\n--wpforms-field-size-padding-h: 14px;\n--wpforms-field-size-checkbox-size: 16px;\n--wpforms-field-size-sublabel-spacing: 5px;\n--wpforms-field-size-icon-size: 1;\n--wpforms-label-size-font-size: 16px;\n--wpforms-label-size-line-height: 19px;\n--wpforms-label-size-sublabel-font-size: 14px;\n--wpforms-label-size-sublabel-line-height: 17px;\n--wpforms-button-size-font-size: 17px;\n--wpforms-button-size-height: 41px;\n--wpforms-button-size-padding-h: 15px;\n--wpforms-button-size-margin-top: 10px;\n\t\t\t}\n\t\t\t<\/style><div class=\"wpforms-container wpforms-container-full wpforms-block wpforms-block-44bf55c1-7f31-44af-a4ca-731138d66b5a wpforms-render-modern\" id=\"wpforms-74\"><form id=\"wpforms-form-74\" class=\"wpforms-validate wpforms-form wpforms-ajax-form\" data-formid=\"74\" method=\"post\" enctype=\"multipart\/form-data\" action=\"\/index.php\/wp-json\/wp\/v2\/pages\/51\" data-token=\"c69c217ee3ca04091998e532f4a467e5\" data-token-time=\"1777537719\"><noscript class=\"wpforms-error-noscript\">Please enable JavaScript in your browser to complete this form.<\/noscript><div id=\"wpforms-error-noscript\" style=\"display: none;\">Please enable JavaScript in your browser to complete this form.<\/div><div class=\"wpforms-field-container\">\t\t<div id=\"wpforms-74-field_4-container\"\n\t\t\tclass=\"wpforms-field wpforms-field-text\"\n\t\t\tdata-field-type=\"text\"\n\t\t\tdata-field-id=\"4\"\n\t\t\t>\n\t\t\t<label class=\"wpforms-field-label\" for=\"wpforms-74-field_4\" >Navn Besked. Email<\/label>\n\t\t\t<input type=\"text\" id=\"wpforms-74-field_4\" class=\"wpforms-field-medium\" name=\"wpforms[fields][4]\" >\n\t\t<\/div>\n\t\t<div id=\"wpforms-74-field_1-container\" class=\"wpforms-field wpforms-field-name\" data-field-id=\"1\"><label class=\"wpforms-field-label\" for=\"wpforms-74-field_1\">Navn <span class=\"wpforms-required-label\" aria-hidden=\"true\">*<\/span><\/label><input type=\"text\" id=\"wpforms-74-field_1\" class=\"wpforms-field-medium wpforms-field-required\" name=\"wpforms[fields][1]\" aria-errormessage=\"wpforms-74-field_1-error\" required><\/div><div id=\"wpforms-74-field_2-container\" class=\"wpforms-field wpforms-field-email\" data-field-id=\"2\"><label class=\"wpforms-field-label\" for=\"wpforms-74-field_2\">Email <span class=\"wpforms-required-label\" aria-hidden=\"true\">*<\/span><\/label><input type=\"email\" id=\"wpforms-74-field_2\" class=\"wpforms-field-medium wpforms-field-required\" name=\"wpforms[fields][2]\" spellcheck=\"false\" aria-errormessage=\"wpforms-74-field_2-error\" required><\/div><div id=\"wpforms-74-field_3-container\" class=\"wpforms-field wpforms-field-textarea\" data-field-id=\"3\"><label class=\"wpforms-field-label\" for=\"wpforms-74-field_3\">Besked.<\/label><textarea id=\"wpforms-74-field_3\" class=\"wpforms-field-medium\" name=\"wpforms[fields][3]\" aria-errormessage=\"wpforms-74-field_3-error\" ><\/textarea><\/div><script>\n\t\t\t\t( function() {\n\t\t\t\t\tconst style = document.createElement( 'style' );\n\t\t\t\t\tstyle.appendChild( document.createTextNode( '#wpforms-74-field_4-container { position: absolute !important; overflow: hidden !important; display: inline !important; height: 1px !important; width: 1px !important; z-index: -1000 !important; padding: 0 !important; } #wpforms-74-field_4-container input { visibility: hidden; } #wpforms-conversational-form-page #wpforms-74-field_4-container label { counter-increment: none; }' ) );\n\t\t\t\t\tdocument.head.appendChild( style );\n\t\t\t\t\tdocument.currentScript?.remove();\n\t\t\t\t} )();\n\t\t\t<\/script><\/div><!-- .wpforms-field-container --><div class=\"wpforms-submit-container\" ><input type=\"hidden\" name=\"wpforms[id]\" value=\"74\"><input type=\"hidden\" name=\"page_title\" value=\"\"><input type=\"hidden\" name=\"page_url\" value=\"https:\/\/capstan.dk\/index.php\/wp-json\/wp\/v2\/pages\/51\"><input type=\"hidden\" name=\"url_referer\" value=\"\"><button type=\"submit\" name=\"wpforms[submit]\" id=\"wpforms-submit-74\" class=\"wpforms-submit\" data-alt-text=\"Sending...\" data-submit-text=\"Send en e-mail til Shantykoret Capstan.\" aria-live=\"assertive\" value=\"wpforms-submit\">Send en e-mail til Shantykoret Capstan.<\/button><img loading=\"lazy\" decoding=\"async\" src=\"https:\/\/capstan.dk\/wp-content\/plugins\/wpforms-lite\/assets\/images\/submit-spin.svg\" class=\"wpforms-submit-spinner\" style=\"display: none;\" width=\"26\" height=\"26\" alt=\"Loading\"><\/div><\/form><\/div>  <!-- .wpforms-container -->\n\n\n<figure class=\"wp-block-image\"><img loading=\"lazy\" decoding=\"async\" width=\"1024\" height=\"672\" src=\"https:\/\/capstan.dk\/wp-content\/uploads\/2025\/11\/Shantykoret-Capstan-34-of-35-1024x672.jpg\" alt=\"\" class=\"wp-image-32\" srcset=\"https:\/\/capstan.dk\/wp-content\/uploads\/2025\/11\/Shantykoret-Capstan-34-of-35-1024x672.jpg 1024w, https:\/\/capstan.dk\/wp-content\/uploads\/2025\/11\/Shantykoret-Capstan-34-of-35-300x197.jpg 300w, https:\/\/capstan.dk\/wp-content\/uploads\/2025\/11\/Shantykoret-Capstan-34-of-35-768x504.jpg 768w, https:\/\/capstan.dk\/wp-content\/uploads\/2025\/11\/Shantykoret-Capstan-34-of-35-1536x1008.jpg 1536w, https:\/\/capstan.dk\/wp-content\/uploads\/2025\/11\/Shantykoret-Capstan-34-of-35.jpg 2041w\" sizes=\"auto, (max-width: 1024px) 100vw, 1024px\" \/><figcaption class=\"wp-element-caption\">Shantykoret Capstan under Tallship Race p\u00e5 Esbjerg Havn.<\/figcaption><\/figure>\n\n\n\n<p><\/p>\n","protected":false},"excerpt":{"rendered":"<p>Hvis du vil h\u00f8re n\u00e6rmere om Shantykoret Capstan, eller \u00f8nsker at f\u00e5 et tilbud p\u00e5 maritim underholdning af h\u00f8jeste klasse, s\u00e5 brug nedenst\u00e5ende kontaktformular.\u00a0 S\u00e5 vender vi tilbage snarest.\u00a0<\/p>\n","protected":false},"author":1,"featured_media":0,"parent":0,"menu_order":4,"comment_status":"closed","ping_status":"closed","template":"","meta":{"footnotes":""},"class_list":["post-51","page","type-page","status-publish","hentry"],"_links":{"self":[{"href":"https:\/\/capstan.dk\/index.php\/wp-json\/wp\/v2\/pages\/51","targetHints":{"allow":["GET"]}}],"collection":[{"href":"https:\/\/capstan.dk\/index.php\/wp-json\/wp\/v2\/pages"}],"about":[{"href":"https:\/\/capstan.dk\/index.php\/wp-json\/wp\/v2\/types\/page"}],"author":[{"embeddable":true,"href":"https:\/\/capstan.dk\/index.php\/wp-json\/wp\/v2\/users\/1"}],"replies":[{"embeddable":true,"href":"https:\/\/capstan.dk\/index.php\/wp-json\/wp\/v2\/comments?post=51"}],"version-history":[{"count":9,"href":"https:\/\/capstan.dk\/index.php\/wp-json\/wp\/v2\/pages\/51\/revisions"}],"predecessor-version":[{"id":91,"href":"https:\/\/capstan.dk\/index.php\/wp-json\/wp\/v2\/pages\/51\/revisions\/91"}],"wp:attachment":[{"href":"https:\/\/capstan.dk\/index.php\/wp-json\/wp\/v2\/media?parent=51"}],"curies":[{"name":"wp","href":"https:\/\/api.w.org\/{rel}","templated":true}]}}