{"id":49,"date":"2025-11-16T06:24:55","date_gmt":"2025-11-16T06:24:55","guid":{"rendered":"https:\/\/capstan.dk\/?page_id=49"},"modified":"2026-04-11T05:26:10","modified_gmt":"2026-04-11T05:26:10","slug":"kommende-arrangementer","status":"publish","type":"page","link":"https:\/\/capstan.dk\/index.php\/kommende-arrangementer\/","title":{"rendered":"Kommende arrangementer."},"content":{"rendered":"\n<figure class=\"wp-block-image size-large\"><img loading=\"lazy\" decoding=\"async\" width=\"1024\" height=\"683\" src=\"https:\/\/capstan.dk\/wp-content\/uploads\/2025\/11\/Shantykoret-Capstan-musikhus-per-B-1024x683.jpg\" alt=\"\" class=\"wp-image-31\" srcset=\"https:\/\/capstan.dk\/wp-content\/uploads\/2025\/11\/Shantykoret-Capstan-musikhus-per-B-1024x683.jpg 1024w, https:\/\/capstan.dk\/wp-content\/uploads\/2025\/11\/Shantykoret-Capstan-musikhus-per-B-300x200.jpg 300w, https:\/\/capstan.dk\/wp-content\/uploads\/2025\/11\/Shantykoret-Capstan-musikhus-per-B-768x512.jpg 768w, https:\/\/capstan.dk\/wp-content\/uploads\/2025\/11\/Shantykoret-Capstan-musikhus-per-B-1536x1024.jpg 1536w, https:\/\/capstan.dk\/wp-content\/uploads\/2025\/11\/Shantykoret-Capstan-musikhus-per-B.jpg 1944w\" sizes=\"auto, (max-width: 1024px) 100vw, 1024px\" \/><\/figure>\n\n\n\n<p><\/p>\n\n\n\n<p>S\u00f8ndag den 19. april 2026 kl. 14:00 &#8211; 16:30 Foyerkoncert, Musikhuset Esbjerg, sammen med <a href=\"https:\/\/www.facebook.com\/groups\/1702504516723208\/\">Esbjerg Underholdningskor<\/a>, <a href=\"https:\/\/xn--nordspigerne-zjb.dk\/\">Nords\u00f8pigerne<\/a> og <a href=\"https:\/\/rytmiskfyraftenskor.dk\/\">Rytmisk Fyraftenskor.<\/a><\/p>\n\n\n\n<p>L\u00f8rdag den 13. &#8211; s\u00f8ndag den 14. juni 2026 &#8211; 50 \u00e5rs jubil\u00e6um, <a href=\"https:\/\/www.shanty-chor-cuxhaven.de\/index.php\">Shanty-Chor Cuxhaven<\/a>, Tyskland.<\/p>\n\n\n\n<p>Mandag den 20. juli 2026 kl. 12:00 &#8211; 1400. Kr\u00e6mmermarked i Oksb\u00f8l.<\/p>\n\n\n\n<p>L\u00f8rdag den 8. august 2026. Havfriske dage. Esbjerg Marineforening.<\/p>\n\n\n\n<p>Fredag den 21. august 2026. Suset Festival Esbjerg.<\/p>\n","protected":false},"excerpt":{"rendered":"<p>S\u00f8ndag den 19. april 2026 kl. 14:00 &#8211; 16:30 Foyerkoncert, Musikhuset Esbjerg, sammen med Esbjerg Underholdningskor, Nords\u00f8pigerne og Rytmisk Fyraftenskor. L\u00f8rdag den 13. &#8211; s\u00f8ndag den 14. juni 2026 &#8211; 50 \u00e5rs jubil\u00e6um, Shanty-Chor Cuxhaven, Tyskland. Mandag den 20. juli 2026 kl. 12:00 &#8211; 1400. Kr\u00e6mmermarked i Oksb\u00f8l. L\u00f8rdag den 8. august 2026. Havfriske dage. [&hellip;]<\/p>\n","protected":false},"author":1,"featured_media":0,"parent":0,"menu_order":3,"comment_status":"closed","ping_status":"closed","template":"","meta":{"footnotes":""},"class_list":["post-49","page","type-page","status-publish","hentry"],"_links":{"self":[{"href":"https:\/\/capstan.dk\/index.php\/wp-json\/wp\/v2\/pages\/49","targetHints":{"allow":["GET"]}}],"collection":[{"href":"https:\/\/capstan.dk\/index.php\/wp-json\/wp\/v2\/pages"}],"about":[{"href":"https:\/\/capstan.dk\/index.php\/wp-json\/wp\/v2\/types\/page"}],"author":[{"embeddable":true,"href":"https:\/\/capstan.dk\/index.php\/wp-json\/wp\/v2\/users\/1"}],"replies":[{"embeddable":true,"href":"https:\/\/capstan.dk\/index.php\/wp-json\/wp\/v2\/comments?post=49"}],"version-history":[{"count":15,"href":"https:\/\/capstan.dk\/index.php\/wp-json\/wp\/v2\/pages\/49\/revisions"}],"predecessor-version":[{"id":162,"href":"https:\/\/capstan.dk\/index.php\/wp-json\/wp\/v2\/pages\/49\/revisions\/162"}],"wp:attachment":[{"href":"https:\/\/capstan.dk\/index.php\/wp-json\/wp\/v2\/media?parent=49"}],"curies":[{"name":"wp","href":"https:\/\/api.w.org\/{rel}","templated":true}]}}